{"id":2717,"date":"2020-01-28T09:48:23","date_gmt":"2020-01-28T08:48:23","guid":{"rendered":"https:\/\/www.chateaudecassaigne.com\/seconds-vins-igp-cotes-de-gascogne-labyrinthe\/"},"modified":"2020-09-07T10:13:32","modified_gmt":"2020-09-07T08:13:32","slug":"second-wines-pgi-cotes-de-gascogne-labyrinthe","status":"publish","type":"page","link":"https:\/\/www.chateaudecassaigne.com\/en\/second-wines-pgi-cotes-de-gascogne-labyrinthe\/","title":{"rendered":"Ch\u00e2teau de Cassaigne second wines"},"content":{"rendered":"<p>[vc_section][vc_row css=&#8221;.vc_custom_1584702489201{padding-bottom: 40px !important;}&#8221;][vc_column][vc_custom_heading text=&#8221;In the 18th century, the monks, influenced by the latest trends and a thirst for new experiences, planted a maze in the Cassaigne gardens. This maze, which has since disappeared, inspired the production of a range of wines in four styles.&#8221; font_container=&#8221;tag:h3|text_align:center&#8221; use_theme_fonts=&#8221;yes&#8221;][\/vc_column][\/vc_row][vc_row css=&#8221;.vc_custom_1584702362791{padding-bottom: 80px !important;}&#8221;][vc_column width=&#8221;1\/2&#8243; css=&#8221;.vc_custom_1584702540758{padding-top: 10% !important;padding-bottom: 10% !important;}&#8221;][vc_custom_heading text=&#8221;Le Labyrinthe &#8211; Red&#8221; font_container=&#8221;tag:h4|text_align:center&#8221; use_theme_fonts=&#8221;yes&#8221;][vc_empty_space][vc_column_text]Made from a blend of Merlot and Syrah, the red cuv\u00e9e is round and delicious. Well-balanced on the palate, it displays aromas of red fruit and fresh spices. The finish is elegant and ethereal, ensuring an enjoyable and easy-to-drink wine.<\/p>\n<p>This fruity cuv\u00e9e can be tasted on its own as early as the aperitif. It is also delicious with delicatessen and grilled meats, pizza and summer salads.[\/vc_column_text][\/vc_column][vc_column width=&#8221;1\/2&#8243;][vc_single_image image=&#8221;2178&#8243; img_size=&#8221;full&#8221; alignment=&#8221;center&#8221; css_animation=&#8221;fadeIn&#8221;][\/vc_column][\/vc_row][vc_row row_reverse_mobile=&#8221;1&#8243; css=&#8221;.vc_custom_1599466402494{padding-bottom: 80px !important;}&#8221;][vc_column width=&#8221;1\/2&#8243;][vc_single_image image=&#8221;2172&#8243; img_size=&#8221;full&#8221; alignment=&#8221;center&#8221; css_animation=&#8221;fadeIn&#8221;][\/vc_column][vc_column width=&#8221;1\/2&#8243; css=&#8221;.vc_custom_1584702562416{padding-top: 10% !important;padding-bottom: 10% !important;}&#8221;][vc_custom_heading text=&#8221;Le Labyrinthe \u2013 Dry white wine&#8221; font_container=&#8221;tag:h4|text_align:center&#8221; use_theme_fonts=&#8221;yes&#8221;][vc_empty_space][vc_column_text]Made from a blend of Colombard and Gros Manseng, this wine offers pronounced aromas of white and yellow fruit, going on to reveal notes of citrus and passion fruit. The aromas found on the nose follow through to the deliciously fruity palate, accompanied by floral hints and culminating in a crunchy lemon finish.<\/p>\n<p>A real pleasure from the aperitif onwards. Ideal served with crab, spicy fish tajine, candied lemon chicken, dill salmon, rocket and shrimp salad, panna cotta, or cheesecake. This wine goes marvellously with world cuisine, particularly Moroccan, Indian and Asian dishes[\/vc_column_text][\/vc_column][\/vc_row][vc_row css=&#8221;.vc_custom_1584702390063{padding-bottom: 80px !important;}&#8221;][vc_column width=&#8221;1\/2&#8243; css=&#8221;.vc_custom_1584702730550{padding-top: 10% !important;padding-bottom: 10% !important;}&#8221;][vc_custom_heading text=&#8221;Le Labyrinthe &#8211; Ros\u00e9&#8221; font_container=&#8221;tag:h4|text_align:center&#8221; use_theme_fonts=&#8221;yes&#8221;][vc_empty_space][vc_column_text]Made from a blend of Merlot and Cabernet Sauvignon, it features attractive fresh forest fruit aromas (redcurrant, blackcurrant) and citrus notes. The finish is fresh with rich tannins, making it easy to drink.<\/p>\n<p>This cuv\u00e9e is a pleasure from the aperitif onwards. It is ideal served with salads, fish, shellfish and grilled meats. It also goes perfectly with world cuisine, particularly Moroccan, Indian and Asian dishes.[\/vc_column_text][\/vc_column][vc_column width=&#8221;1\/2&#8243;][vc_single_image image=&#8221;2176&#8243; img_size=&#8221;full&#8221; alignment=&#8221;center&#8221; css_animation=&#8221;fadeIn&#8221;][\/vc_column][\/vc_row][\/vc_section][vc_row row_reverse_mobile=&#8221;1&#8243; css=&#8221;.vc_custom_1599466409827{padding-bottom: 80px !important;}&#8221;][vc_column width=&#8221;1\/2&#8243;][vc_single_image image=&#8221;2174&#8243; img_size=&#8221;full&#8221; alignment=&#8221;center&#8221; css_animation=&#8221;fadeIn&#8221;][\/vc_column][vc_column width=&#8221;1\/2&#8243; css=&#8221;.vc_custom_1584702718438{padding-top: 10% !important;padding-bottom: 10% !important;}&#8221;][vc_custom_heading text=&#8221;Le Labyrinthe \u2013 Semi-sweet white wine&#8221; font_container=&#8221;tag:h4|text_align:center&#8221; use_theme_fonts=&#8221;yes&#8221;][vc_empty_space][vc_column_text]Made from 100% Gros Manseng \u2013 an indigenous grape variety \u2013 this wine is both fresh and delicious. It displays a natural liveliness and a unique aromatic character. An enveloping sweetness coats the palate, instantly overtaken by a mouth-watering acidity. The finish is fresh, already inviting another sip.<\/p>\n<p>This cuv\u00e9e is ideal served as an aperitif. It also goes well with traditional French dishes (foie gras with apples), spicy roast chicken, sweet and savoury dishes, and makes for the perfect dessert wine, since it is remarkably easy to drink. Made from late-harvested grapes.[\/vc_column_text][\/vc_column][\/vc_row]<\/p>\n","protected":false},"excerpt":{"rendered":"<p>[vc_section][vc_row css=&#8221;.vc_custom_1584702489201{padding-bottom: 40px !important;}&#8221;][vc_column][vc_custom_heading text=&#8221;In the 18th century, the monks, influenced by the latest trends and a thirst for new<\/p>\n","protected":false},"author":1,"featured_media":0,"parent":0,"menu_order":0,"comment_status":"closed","ping_status":"closed","template":"","meta":[],"yoast_head":"<!-- This site is optimized with the Yoast SEO plugin v17.4 - https:\/\/yoast.com\/wordpress\/plugins\/seo\/ -->\n<title>C\u00f4tes de Gascogne PGI: second wines - Ch\u00e2teau de Cassaigne<\/title>\n<meta name=\"description\" content=\"Discover the secrets behind the Ch\u00e2teau de Cassaigne second wines: C\u00f4tes de Gascogne PGI red &amp; white wines produced in the heart of the Gers.\" \/>\n<meta name=\"robots\" content=\"index, follow, max-snippet:-1, max-image-preview:large, max-video-preview:-1\" \/>\n<link rel=\"canonical\" href=\"https:\/\/www.chateaudecassaigne.com\/en\/second-wines-pgi-cotes-de-gascogne-labyrinthe\/\" \/>\n<meta property=\"og:locale\" content=\"en_US\" \/>\n<meta property=\"og:type\" content=\"article\" \/>\n<meta property=\"og:title\" content=\"C\u00f4tes de Gascogne PGI: second wines - Ch\u00e2teau de Cassaigne\" \/>\n<meta property=\"og:description\" content=\"Discover the secrets behind the Ch\u00e2teau de Cassaigne second wines: C\u00f4tes de Gascogne PGI red &amp; white wines produced in the heart of the Gers.\" \/>\n<meta property=\"og:url\" content=\"https:\/\/www.chateaudecassaigne.com\/en\/second-wines-pgi-cotes-de-gascogne-labyrinthe\/\" \/>\n<meta property=\"og:site_name\" content=\"Ch\u00e2teau de Cassaigne\" \/>\n<meta property=\"article:modified_time\" content=\"2020-09-07T08:13:32+00:00\" \/>\n<meta name=\"twitter:card\" content=\"summary_large_image\" \/>\n<meta name=\"twitter:label1\" content=\"Est. reading time\" \/>\n\t<meta name=\"twitter:data1\" content=\"3 minutes\" \/>\n<script type=\"application\/ld+json\" class=\"yoast-schema-graph\">{\"@context\":\"https:\/\/schema.org\",\"@graph\":[{\"@type\":\"Organization\",\"@id\":\"https:\/\/www.chateaudecassaigne.com\/#organization\",\"name\":\"Ch\\u00e2teau de Cassaigne\",\"url\":\"https:\/\/www.chateaudecassaigne.com\/\",\"sameAs\":[],\"logo\":{\"@type\":\"ImageObject\",\"@id\":\"https:\/\/www.chateaudecassaigne.com\/#logo\",\"inLanguage\":\"en-US\",\"url\":\"https:\/\/www.chateaudecassaigne.com\/wp-content\/uploads\/sites\/2\/2020\/01\/logo-sticky.png\",\"contentUrl\":\"https:\/\/www.chateaudecassaigne.com\/wp-content\/uploads\/sites\/2\/2020\/01\/logo-sticky.png\",\"width\":260,\"height\":48,\"caption\":\"Ch\\u00e2teau de Cassaigne\"},\"image\":{\"@id\":\"https:\/\/www.chateaudecassaigne.com\/#logo\"}},{\"@type\":\"WebSite\",\"@id\":\"https:\/\/www.chateaudecassaigne.com\/#website\",\"url\":\"https:\/\/www.chateaudecassaigne.com\/\",\"name\":\"Ch\\u00e2teau de Cassaigne\",\"description\":\"Coeur, panache et noblesse\",\"publisher\":{\"@id\":\"https:\/\/www.chateaudecassaigne.com\/#organization\"},\"potentialAction\":[{\"@type\":\"SearchAction\",\"target\":{\"@type\":\"EntryPoint\",\"urlTemplate\":\"https:\/\/www.chateaudecassaigne.com\/?s={search_term_string}\"},\"query-input\":\"required name=search_term_string\"}],\"inLanguage\":\"en-US\"},{\"@type\":\"WebPage\",\"@id\":\"https:\/\/www.chateaudecassaigne.com\/en\/second-wines-pgi-cotes-de-gascogne-labyrinthe\/#webpage\",\"url\":\"https:\/\/www.chateaudecassaigne.com\/en\/second-wines-pgi-cotes-de-gascogne-labyrinthe\/\",\"name\":\"C\\u00f4tes de Gascogne PGI: second wines - Ch\\u00e2teau de Cassaigne\",\"isPartOf\":{\"@id\":\"https:\/\/www.chateaudecassaigne.com\/#website\"},\"datePublished\":\"2020-01-28T08:48:23+00:00\",\"dateModified\":\"2020-09-07T08:13:32+00:00\",\"description\":\"Discover the secrets behind the Ch\\u00e2teau de Cassaigne second wines: C\\u00f4tes de Gascogne PGI red & white wines produced in the heart of the Gers.\",\"breadcrumb\":{\"@id\":\"https:\/\/www.chateaudecassaigne.com\/en\/second-wines-pgi-cotes-de-gascogne-labyrinthe\/#breadcrumb\"},\"inLanguage\":\"en-US\",\"potentialAction\":[{\"@type\":\"ReadAction\",\"target\":[\"https:\/\/www.chateaudecassaigne.com\/en\/second-wines-pgi-cotes-de-gascogne-labyrinthe\/\"]}]},{\"@type\":\"BreadcrumbList\",\"@id\":\"https:\/\/www.chateaudecassaigne.com\/en\/second-wines-pgi-cotes-de-gascogne-labyrinthe\/#breadcrumb\",\"itemListElement\":[{\"@type\":\"ListItem\",\"position\":1,\"name\":\"Accueil\",\"item\":\"https:\/\/www.chateaudecassaigne.com\/en\/\"},{\"@type\":\"ListItem\",\"position\":2,\"name\":\"Ch\\u00e2teau de Cassaigne second wines\"}]}]}<\/script>\n<!-- \/ Yoast SEO plugin. -->","yoast_head_json":{"title":"C\u00f4tes de Gascogne PGI: second wines - Ch\u00e2teau de Cassaigne","description":"Discover the secrets behind the Ch\u00e2teau de Cassaigne second wines: C\u00f4tes de Gascogne PGI red & white wines produced in the heart of the Gers.","robots":{"index":"index","follow":"follow","max-snippet":"max-snippet:-1","max-image-preview":"max-image-preview:large","max-video-preview":"max-video-preview:-1"},"canonical":"https:\/\/www.chateaudecassaigne.com\/en\/second-wines-pgi-cotes-de-gascogne-labyrinthe\/","og_locale":"en_US","og_type":"article","og_title":"C\u00f4tes de Gascogne PGI: second wines - Ch\u00e2teau de Cassaigne","og_description":"Discover the secrets behind the Ch\u00e2teau de Cassaigne second wines: C\u00f4tes de Gascogne PGI red & white wines produced in the heart of the Gers.","og_url":"https:\/\/www.chateaudecassaigne.com\/en\/second-wines-pgi-cotes-de-gascogne-labyrinthe\/","og_site_name":"Ch\u00e2teau de Cassaigne","article_modified_time":"2020-09-07T08:13:32+00:00","twitter_card":"summary_large_image","twitter_misc":{"Est. reading time":"3 minutes"},"schema":{"@context":"https:\/\/schema.org","@graph":[{"@type":"Organization","@id":"https:\/\/www.chateaudecassaigne.com\/#organization","name":"Ch\u00e2teau de Cassaigne","url":"https:\/\/www.chateaudecassaigne.com\/","sameAs":[],"logo":{"@type":"ImageObject","@id":"https:\/\/www.chateaudecassaigne.com\/#logo","inLanguage":"en-US","url":"https:\/\/www.chateaudecassaigne.com\/wp-content\/uploads\/sites\/2\/2020\/01\/logo-sticky.png","contentUrl":"https:\/\/www.chateaudecassaigne.com\/wp-content\/uploads\/sites\/2\/2020\/01\/logo-sticky.png","width":260,"height":48,"caption":"Ch\u00e2teau de Cassaigne"},"image":{"@id":"https:\/\/www.chateaudecassaigne.com\/#logo"}},{"@type":"WebSite","@id":"https:\/\/www.chateaudecassaigne.com\/#website","url":"https:\/\/www.chateaudecassaigne.com\/","name":"Ch\u00e2teau de Cassaigne","description":"Coeur, panache et noblesse","publisher":{"@id":"https:\/\/www.chateaudecassaigne.com\/#organization"},"potentialAction":[{"@type":"SearchAction","target":{"@type":"EntryPoint","urlTemplate":"https:\/\/www.chateaudecassaigne.com\/?s={search_term_string}"},"query-input":"required name=search_term_string"}],"inLanguage":"en-US"},{"@type":"WebPage","@id":"https:\/\/www.chateaudecassaigne.com\/en\/second-wines-pgi-cotes-de-gascogne-labyrinthe\/#webpage","url":"https:\/\/www.chateaudecassaigne.com\/en\/second-wines-pgi-cotes-de-gascogne-labyrinthe\/","name":"C\u00f4tes de Gascogne PGI: second wines - Ch\u00e2teau de Cassaigne","isPartOf":{"@id":"https:\/\/www.chateaudecassaigne.com\/#website"},"datePublished":"2020-01-28T08:48:23+00:00","dateModified":"2020-09-07T08:13:32+00:00","description":"Discover the secrets behind the Ch\u00e2teau de Cassaigne second wines: C\u00f4tes de Gascogne PGI red & white wines produced in the heart of the Gers.","breadcrumb":{"@id":"https:\/\/www.chateaudecassaigne.com\/en\/second-wines-pgi-cotes-de-gascogne-labyrinthe\/#breadcrumb"},"inLanguage":"en-US","potentialAction":[{"@type":"ReadAction","target":["https:\/\/www.chateaudecassaigne.com\/en\/second-wines-pgi-cotes-de-gascogne-labyrinthe\/"]}]},{"@type":"BreadcrumbList","@id":"https:\/\/www.chateaudecassaigne.com\/en\/second-wines-pgi-cotes-de-gascogne-labyrinthe\/#breadcrumb","itemListElement":[{"@type":"ListItem","position":1,"name":"Accueil","item":"https:\/\/www.chateaudecassaigne.com\/en\/"},{"@type":"ListItem","position":2,"name":"Ch\u00e2teau de Cassaigne second wines"}]}]}},"_links":{"self":[{"href":"https:\/\/www.chateaudecassaigne.com\/en\/wp-json\/wp\/v2\/pages\/2717"}],"collection":[{"href":"https:\/\/www.chateaudecassaigne.com\/en\/wp-json\/wp\/v2\/pages"}],"about":[{"href":"https:\/\/www.chateaudecassaigne.com\/en\/wp-json\/wp\/v2\/types\/page"}],"author":[{"embeddable":true,"href":"https:\/\/www.chateaudecassaigne.com\/en\/wp-json\/wp\/v2\/users\/1"}],"replies":[{"embeddable":true,"href":"https:\/\/www.chateaudecassaigne.com\/en\/wp-json\/wp\/v2\/comments?post=2717"}],"version-history":[{"count":4,"href":"https:\/\/www.chateaudecassaigne.com\/en\/wp-json\/wp\/v2\/pages\/2717\/revisions"}],"predecessor-version":[{"id":3129,"href":"https:\/\/www.chateaudecassaigne.com\/en\/wp-json\/wp\/v2\/pages\/2717\/revisions\/3129"}],"wp:attachment":[{"href":"https:\/\/www.chateaudecassaigne.com\/en\/wp-json\/wp\/v2\/media?parent=2717"}],"curies":[{"name":"wp","href":"https:\/\/api.w.org\/{rel}","templated":true}]}}