{"id":2696,"date":"2020-01-28T09:39:06","date_gmt":"2020-01-28T08:39:06","guid":{"rendered":"https:\/\/www.chateaudecassaigne.com\/terroirs-vignobles\/"},"modified":"2020-07-01T12:03:46","modified_gmt":"2020-07-01T10:03:46","slug":"vineyard-terroirs","status":"publish","type":"page","link":"https:\/\/www.chateaudecassaigne.com\/en\/vineyard-terroirs\/","title":{"rendered":"Vineyard terroirs"},"content":{"rendered":"<p>[vc_row][vc_column]<div class=\"title-wrapper  basel-title-color-default basel-title-style-simple basel-title-size-large text-center \"><div class=\"liner-continer\"> <span class=\"left-line\"><\/span> <h2 class=\"title\" >A land originally devoted to producing Armagnac<span class=\"title-separator\"><span><\/span><\/span><\/h2> <span class=\"right-line\"><\/span> <\/div><\/div>[vc_empty_space][\/vc_column][\/vc_row][vc_row][vc_column width=&#8221;1\/2&#8243;][vc_custom_heading text=&#8221;In the Gers, the Armagnac appellation covers three terroirs:&#8221; font_container=&#8221;tag:h3|font_size:25|text_align:left|color:%23baa079&#8243; use_theme_fonts=&#8221;yes&#8221;][vc_tta_pageable no_fill_content_area=&#8221;1&#8243; autoplay=&#8221;10&#8243; active_section=&#8221;1&#8243; pagination_color=&#8221;chino&#8221;][vc_tta_section title=&#8221;Section 1&#8243; tab_id=&#8221;1583488005418-88ef88c2-37b7&#8243;][vc_column_text]<\/p>\n<ul>\n<li><b><strong>Armagnac-T\u00e9nar\u00e8ze<\/strong><\/b>, where the Ba\u00efse River flows, spanning over the north-western part of the Gers, around Condom. Consisting of sandy-clay soils and clay-limestone &#8220;terreforts&#8221;, it produces authentic wine spirits of outstanding quality.<\/li>\n<\/ul>\n<p>[\/vc_column_text][\/vc_tta_section][vc_tta_section title=&#8221;Section 2&#8243; tab_id=&#8221;1583488005419-5f20d0eb-6bea&#8221;][vc_column_text]<\/p>\n<ul>\n<li><b><strong>Bas-Armagnac<\/strong>,<\/b> to the west, is a hilly landscape home to poor clayey-siliceous and acidic soils with traces of ironpan. They produce renowned, light, fruity and delicate wine spirits.<\/li>\n<\/ul>\n<p>[\/vc_column_text][\/vc_tta_section][vc_tta_section title=&#8221;Section&#8221; tab_id=&#8221;1583489464945-b2d92e7d-6e43&#8243;][vc_column_text]<\/p>\n<ul>\n<li><b><strong>Haut-Armagnac<\/strong>,<\/b> located to the south and east around Auch and Lectoure, consists of only a few islets. It is planted on hillsides on predominantly limestone and clay-limestone soils.<\/li>\n<\/ul>\n<p>[\/vc_column_text][\/vc_tta_section][\/vc_tta_pageable][\/vc_column][vc_column width=&#8221;1\/2&#8243;][vc_single_image image=&#8221;1891&#8243; img_size=&#8221;large&#8221; alignment=&#8221;center&#8221;][\/vc_column][\/vc_row][vc_row][vc_column][vc_empty_space height=&#8221;42px&#8221;][vc_custom_heading text=&#8221;Where is Cassaigne located ? On the Armagnac-T\u00e9nar\u00e8ze terroir.&#8221; font_container=&#8221;tag:h3|text_align:left|color:%23baa079&#8243; use_theme_fonts=&#8221;yes&#8221;][vc_gmaps link=&#8221;#E-8_JTNDaWZyYW1lJTIwc3JjJTNEJTIyaHR0cHMlM0ElMkYlMkZ3d3cuZ29vZ2xlLmNvbSUyRm1hcHMlMkZlbWJlZCUzRnBiJTNEJTIxMW0xOCUyMTFtMTIlMjExbTMlMjExZDEyMDQ1OC4yMjI5MjQxMTg1MyUyMTJkMC4yOTkxNzA3MzE3MDUwOTI4NCUyMTNkNDMuOTE0NjQ2ODgyMjQxODclMjEybTMlMjExZjAlMjEyZjAlMjEzZjAlMjEzbTIlMjExaTEwMjQlMjEyaTc2OCUyMTRmMTMuMSUyMTNtMyUyMTFtMiUyMTFzMHgxMmFhMjMwMWQ2OTU2ZWEzJTI1M0EweDM5ZWY2N2RjZjAwYWZkOGYlMjEyc0NoJTI1QzMlMjVBMnRlYXUlMjUyMERlJTI1MjBDYXNzYWlnbmUlMjE1ZTAlMjEzbTIlMjExc2ZyJTIxMnNmciUyMTR2MTU4MzQ4NzUzNjI3OSUyMTVtMiUyMTFzZnIlMjEyc2ZyJTIyJTIwd2lkdGglM0QlMjI2MDAlMjIlMjBoZWlnaHQlM0QlMjI0NTAlMjIlMjBmcmFtZWJvcmRlciUzRCUyMjAlMjIlMjBzdHlsZSUzRCUyMmJvcmRlciUzQTAlM0IlMjIlMjBhbGxvd2Z1bGxzY3JlZW4lM0QlMjIlMjIlM0UlM0MlMkZpZnJhbWUlM0U=&#8221;][vc_empty_space height=&#8221;50px&#8221;][\/vc_column][\/vc_row]<\/p>\n","protected":false},"excerpt":{"rendered":"<p>[vc_row][vc_column][vc_empty_space][\/vc_column][\/vc_row][vc_row][vc_column width=&#8221;1\/2&#8243;][vc_custom_heading text=&#8221;In the Gers, the Armagnac appellation covers three terroirs:&#8221; font_container=&#8221;tag:h3|font_size:25|text_align:left|color:%23baa079&#8243; use_theme_fonts=&#8221;yes&#8221;][vc_tta_pageable no_fill_content_area=&#8221;1&#8243; autoplay=&#8221;10&#8243; active_section=&#8221;1&#8243; pagination_color=&#8221;chino&#8221;][vc_tta_section title=&#8221;Section 1&#8243; tab_id=&#8221;1583488005418-88ef88c2-37b7&#8243;][vc_column_text]<\/p>\n","protected":false},"author":1,"featured_media":2292,"parent":0,"menu_order":0,"comment_status":"closed","ping_status":"closed","template":"","meta":[],"yoast_head":"<!-- This site is optimized with the Yoast SEO plugin v17.4 - https:\/\/yoast.com\/wordpress\/plugins\/seo\/ -->\n<title>The terroirs of the Ch\u00e2teau de Cassaigne vineyard in the Gers<\/title>\n<meta name=\"description\" content=\"Discover the diverse terroirs of the Ch\u00e2teau de Cassaigne vineyard, located in the Gers. Ch\u00e2teau de Cassaigne: passion, panache &amp; greatness\" \/>\n<meta name=\"robots\" content=\"index, follow, max-snippet:-1, max-image-preview:large, max-video-preview:-1\" \/>\n<link rel=\"canonical\" href=\"https:\/\/www.chateaudecassaigne.com\/en\/vineyard-terroirs\/\" \/>\n<meta property=\"og:locale\" content=\"en_US\" \/>\n<meta property=\"og:type\" content=\"article\" \/>\n<meta property=\"og:title\" content=\"The terroirs of the Ch\u00e2teau de Cassaigne vineyard in the Gers\" \/>\n<meta property=\"og:description\" content=\"Discover the diverse terroirs of the Ch\u00e2teau de Cassaigne vineyard, located in the Gers. Ch\u00e2teau de Cassaigne: passion, panache &amp; greatness\" \/>\n<meta property=\"og:url\" content=\"https:\/\/www.chateaudecassaigne.com\/en\/vineyard-terroirs\/\" \/>\n<meta property=\"og:site_name\" content=\"Ch\u00e2teau de Cassaigne\" \/>\n<meta property=\"article:modified_time\" content=\"2020-07-01T10:03:46+00:00\" \/>\n<meta property=\"og:image\" content=\"https:\/\/www.chateaudecassaigne.com\/wp-content\/uploads\/sites\/2\/2020\/03\/Les-sols-du-vignoble-de-Cassaigne.jpg\" \/>\n\t<meta property=\"og:image:width\" content=\"1618\" \/>\n\t<meta property=\"og:image:height\" content=\"1080\" \/>\n<meta name=\"twitter:card\" content=\"summary_large_image\" \/>\n<meta name=\"twitter:label1\" content=\"Est. reading time\" \/>\n\t<meta name=\"twitter:data1\" content=\"2 minutes\" \/>\n<script type=\"application\/ld+json\" class=\"yoast-schema-graph\">{\"@context\":\"https:\/\/schema.org\",\"@graph\":[{\"@type\":\"Organization\",\"@id\":\"https:\/\/www.chateaudecassaigne.com\/#organization\",\"name\":\"Ch\\u00e2teau de Cassaigne\",\"url\":\"https:\/\/www.chateaudecassaigne.com\/\",\"sameAs\":[],\"logo\":{\"@type\":\"ImageObject\",\"@id\":\"https:\/\/www.chateaudecassaigne.com\/#logo\",\"inLanguage\":\"en-US\",\"url\":\"https:\/\/www.chateaudecassaigne.com\/wp-content\/uploads\/sites\/2\/2020\/01\/logo-sticky.png\",\"contentUrl\":\"https:\/\/www.chateaudecassaigne.com\/wp-content\/uploads\/sites\/2\/2020\/01\/logo-sticky.png\",\"width\":260,\"height\":48,\"caption\":\"Ch\\u00e2teau de Cassaigne\"},\"image\":{\"@id\":\"https:\/\/www.chateaudecassaigne.com\/#logo\"}},{\"@type\":\"WebSite\",\"@id\":\"https:\/\/www.chateaudecassaigne.com\/#website\",\"url\":\"https:\/\/www.chateaudecassaigne.com\/\",\"name\":\"Ch\\u00e2teau de Cassaigne\",\"description\":\"Coeur, panache et noblesse\",\"publisher\":{\"@id\":\"https:\/\/www.chateaudecassaigne.com\/#organization\"},\"potentialAction\":[{\"@type\":\"SearchAction\",\"target\":{\"@type\":\"EntryPoint\",\"urlTemplate\":\"https:\/\/www.chateaudecassaigne.com\/?s={search_term_string}\"},\"query-input\":\"required name=search_term_string\"}],\"inLanguage\":\"en-US\"},{\"@type\":\"ImageObject\",\"@id\":\"https:\/\/www.chateaudecassaigne.com\/en\/vineyard-terroirs\/#primaryimage\",\"inLanguage\":\"en-US\",\"url\":\"https:\/\/www.chateaudecassaigne.com\/wp-content\/uploads\/sites\/2\/2020\/03\/Les-sols-du-vignoble-de-Cassaigne.jpg\",\"contentUrl\":\"https:\/\/www.chateaudecassaigne.com\/wp-content\/uploads\/sites\/2\/2020\/03\/Les-sols-du-vignoble-de-Cassaigne.jpg\",\"width\":1618,\"height\":1080,\"caption\":\"Les sols du vignoble de Cassaigne\"},{\"@type\":\"WebPage\",\"@id\":\"https:\/\/www.chateaudecassaigne.com\/en\/vineyard-terroirs\/#webpage\",\"url\":\"https:\/\/www.chateaudecassaigne.com\/en\/vineyard-terroirs\/\",\"name\":\"The terroirs of the Ch\\u00e2teau de Cassaigne vineyard in the Gers\",\"isPartOf\":{\"@id\":\"https:\/\/www.chateaudecassaigne.com\/#website\"},\"primaryImageOfPage\":{\"@id\":\"https:\/\/www.chateaudecassaigne.com\/en\/vineyard-terroirs\/#primaryimage\"},\"datePublished\":\"2020-01-28T08:39:06+00:00\",\"dateModified\":\"2020-07-01T10:03:46+00:00\",\"description\":\"Discover the diverse terroirs of the Ch\\u00e2teau de Cassaigne vineyard, located in the Gers. Ch\\u00e2teau de Cassaigne: passion, panache & greatness\",\"breadcrumb\":{\"@id\":\"https:\/\/www.chateaudecassaigne.com\/en\/vineyard-terroirs\/#breadcrumb\"},\"inLanguage\":\"en-US\",\"potentialAction\":[{\"@type\":\"ReadAction\",\"target\":[\"https:\/\/www.chateaudecassaigne.com\/en\/vineyard-terroirs\/\"]}]},{\"@type\":\"BreadcrumbList\",\"@id\":\"https:\/\/www.chateaudecassaigne.com\/en\/vineyard-terroirs\/#breadcrumb\",\"itemListElement\":[{\"@type\":\"ListItem\",\"position\":1,\"name\":\"Accueil\",\"item\":\"https:\/\/www.chateaudecassaigne.com\/en\/\"},{\"@type\":\"ListItem\",\"position\":2,\"name\":\"Vineyard terroirs\"}]}]}<\/script>\n<!-- \/ Yoast SEO plugin. -->","yoast_head_json":{"title":"The terroirs of the Ch\u00e2teau de Cassaigne vineyard in the Gers","description":"Discover the diverse terroirs of the Ch\u00e2teau de Cassaigne vineyard, located in the Gers. Ch\u00e2teau de Cassaigne: passion, panache & greatness","robots":{"index":"index","follow":"follow","max-snippet":"max-snippet:-1","max-image-preview":"max-image-preview:large","max-video-preview":"max-video-preview:-1"},"canonical":"https:\/\/www.chateaudecassaigne.com\/en\/vineyard-terroirs\/","og_locale":"en_US","og_type":"article","og_title":"The terroirs of the Ch\u00e2teau de Cassaigne vineyard in the Gers","og_description":"Discover the diverse terroirs of the Ch\u00e2teau de Cassaigne vineyard, located in the Gers. Ch\u00e2teau de Cassaigne: passion, panache & greatness","og_url":"https:\/\/www.chateaudecassaigne.com\/en\/vineyard-terroirs\/","og_site_name":"Ch\u00e2teau de Cassaigne","article_modified_time":"2020-07-01T10:03:46+00:00","og_image":[{"width":1618,"height":1080,"url":"https:\/\/www.chateaudecassaigne.com\/wp-content\/uploads\/sites\/2\/2020\/03\/Les-sols-du-vignoble-de-Cassaigne.jpg","type":"image\/jpeg"}],"twitter_card":"summary_large_image","twitter_misc":{"Est. reading time":"2 minutes"},"schema":{"@context":"https:\/\/schema.org","@graph":[{"@type":"Organization","@id":"https:\/\/www.chateaudecassaigne.com\/#organization","name":"Ch\u00e2teau de Cassaigne","url":"https:\/\/www.chateaudecassaigne.com\/","sameAs":[],"logo":{"@type":"ImageObject","@id":"https:\/\/www.chateaudecassaigne.com\/#logo","inLanguage":"en-US","url":"https:\/\/www.chateaudecassaigne.com\/wp-content\/uploads\/sites\/2\/2020\/01\/logo-sticky.png","contentUrl":"https:\/\/www.chateaudecassaigne.com\/wp-content\/uploads\/sites\/2\/2020\/01\/logo-sticky.png","width":260,"height":48,"caption":"Ch\u00e2teau de Cassaigne"},"image":{"@id":"https:\/\/www.chateaudecassaigne.com\/#logo"}},{"@type":"WebSite","@id":"https:\/\/www.chateaudecassaigne.com\/#website","url":"https:\/\/www.chateaudecassaigne.com\/","name":"Ch\u00e2teau de Cassaigne","description":"Coeur, panache et noblesse","publisher":{"@id":"https:\/\/www.chateaudecassaigne.com\/#organization"},"potentialAction":[{"@type":"SearchAction","target":{"@type":"EntryPoint","urlTemplate":"https:\/\/www.chateaudecassaigne.com\/?s={search_term_string}"},"query-input":"required name=search_term_string"}],"inLanguage":"en-US"},{"@type":"ImageObject","@id":"https:\/\/www.chateaudecassaigne.com\/en\/vineyard-terroirs\/#primaryimage","inLanguage":"en-US","url":"https:\/\/www.chateaudecassaigne.com\/wp-content\/uploads\/sites\/2\/2020\/03\/Les-sols-du-vignoble-de-Cassaigne.jpg","contentUrl":"https:\/\/www.chateaudecassaigne.com\/wp-content\/uploads\/sites\/2\/2020\/03\/Les-sols-du-vignoble-de-Cassaigne.jpg","width":1618,"height":1080,"caption":"Les sols du vignoble de Cassaigne"},{"@type":"WebPage","@id":"https:\/\/www.chateaudecassaigne.com\/en\/vineyard-terroirs\/#webpage","url":"https:\/\/www.chateaudecassaigne.com\/en\/vineyard-terroirs\/","name":"The terroirs of the Ch\u00e2teau de Cassaigne vineyard in the Gers","isPartOf":{"@id":"https:\/\/www.chateaudecassaigne.com\/#website"},"primaryImageOfPage":{"@id":"https:\/\/www.chateaudecassaigne.com\/en\/vineyard-terroirs\/#primaryimage"},"datePublished":"2020-01-28T08:39:06+00:00","dateModified":"2020-07-01T10:03:46+00:00","description":"Discover the diverse terroirs of the Ch\u00e2teau de Cassaigne vineyard, located in the Gers. Ch\u00e2teau de Cassaigne: passion, panache & greatness","breadcrumb":{"@id":"https:\/\/www.chateaudecassaigne.com\/en\/vineyard-terroirs\/#breadcrumb"},"inLanguage":"en-US","potentialAction":[{"@type":"ReadAction","target":["https:\/\/www.chateaudecassaigne.com\/en\/vineyard-terroirs\/"]}]},{"@type":"BreadcrumbList","@id":"https:\/\/www.chateaudecassaigne.com\/en\/vineyard-terroirs\/#breadcrumb","itemListElement":[{"@type":"ListItem","position":1,"name":"Accueil","item":"https:\/\/www.chateaudecassaigne.com\/en\/"},{"@type":"ListItem","position":2,"name":"Vineyard terroirs"}]}]}},"_links":{"self":[{"href":"https:\/\/www.chateaudecassaigne.com\/en\/wp-json\/wp\/v2\/pages\/2696"}],"collection":[{"href":"https:\/\/www.chateaudecassaigne.com\/en\/wp-json\/wp\/v2\/pages"}],"about":[{"href":"https:\/\/www.chateaudecassaigne.com\/en\/wp-json\/wp\/v2\/types\/page"}],"author":[{"embeddable":true,"href":"https:\/\/www.chateaudecassaigne.com\/en\/wp-json\/wp\/v2\/users\/1"}],"replies":[{"embeddable":true,"href":"https:\/\/www.chateaudecassaigne.com\/en\/wp-json\/wp\/v2\/comments?post=2696"}],"version-history":[{"count":4,"href":"https:\/\/www.chateaudecassaigne.com\/en\/wp-json\/wp\/v2\/pages\/2696\/revisions"}],"predecessor-version":[{"id":2772,"href":"https:\/\/www.chateaudecassaigne.com\/en\/wp-json\/wp\/v2\/pages\/2696\/revisions\/2772"}],"wp:featuredmedia":[{"embeddable":true,"href":"https:\/\/www.chateaudecassaigne.com\/en\/wp-json\/wp\/v2\/media\/2292"}],"wp:attachment":[{"href":"https:\/\/www.chateaudecassaigne.com\/en\/wp-json\/wp\/v2\/media?parent=2696"}],"curies":[{"name":"wp","href":"https:\/\/api.w.org\/{rel}","templated":true}]}}